{"id":37739,"date":"2026-05-12T13:12:36","date_gmt":"2026-05-12T11:12:36","guid":{"rendered":"https:\/\/www.hotelcampion.com\/eventi\/"},"modified":"2026-05-12T13:12:36","modified_gmt":"2026-05-12T11:12:36","slug":"eventi","status":"publish","type":"page","link":"https:\/\/www.hotelcampion.com\/en\/eventi\/","title":{"rendered":"Eventi"},"content":{"rendered":"\t\t<div data-elementor-type=\"wp-page\" data-elementor-id=\"37739\" class=\"elementor elementor-37739 elementor-37639\">\n\t\t\t\t<div class=\"elementor-element elementor-element-314d01c safar-page-title-bg e-flex e-con-boxed e-con e-parent\" data-id=\"314d01c\" data-element_type=\"container\" data-e-type=\"container\" data-settings=\"{&quot;background_background&quot;:&quot;classic&quot;}\">\n\t\t\t\t\t<div class=\"e-con-inner\">\n\t\t<div class=\"elementor-element elementor-element-78a6c0b e-con-full e-flex e-con e-child\" data-id=\"78a6c0b\" data-element_type=\"container\" data-e-type=\"container\">\n\t\t\t\t<div data-entrance=\"true\" data-entrance-options=\"{&quot;from&quot;:{&quot;x&quot;:true,&quot;y&quot;:true,&quot;z&quot;:true,&quot;scaleX&quot;:true,&quot;scaleY&quot;:true,&quot;rotationX&quot;:true,&quot;rotationY&quot;:true,&quot;rotationZ&quot;:true,&quot;opacity&quot;:true,&quot;transformOrigin&quot;:true},&quot;to&quot;:{&quot;x&quot;:true,&quot;y&quot;:true,&quot;z&quot;:true,&quot;scaleX&quot;:true,&quot;scaleY&quot;:true,&quot;rotationX&quot;:true,&quot;rotationY&quot;:true,&quot;rotationZ&quot;:true,&quot;opacity&quot;:true,&quot;transformOrigin&quot;:true,&quot;ease&quot;:&quot;sine.inOut&quot;,&quot;duration&quot;:1,&quot;delay&quot;:0.200000000000000011102230246251565404236316680908203125},&quot;breakpoint&quot;:&quot;all&quot;}\" class=\"elementor-element elementor-element-e8aa434 elementor-widget elementor-widget-heading\" data-id=\"e8aa434\" data-element_type=\"widget\" data-e-type=\"widget\" data-widget_type=\"heading.default\">\n\t\t\t\t\t<h1 class=\"elementor-heading-title elementor-size-default\">Attivit\u00e0 suggerite<\/h1>\t\t\t\t<\/div>\n\t\t\t\t<div data-splittext=\"true\" data-splittext-options=\"{&quot;from&quot;:{&quot;stagger&quot;:0.0200000000000000004163336342344337026588618755340576171875,&quot;ease&quot;:&quot;sine.inOut&quot;,&quot;duration&quot;:1,&quot;delay&quot;:0.40000000000000002220446049250313080847263336181640625,&quot;y&quot;:60,&quot;scaleX&quot;:1,&quot;scaleY&quot;:1,&quot;transformOrigin&quot;:&quot;top center -50&quot;},&quot;type&quot;:&quot;lines&quot;,&quot;trigger&quot;:&quot;view&quot;}\" class=\"elementor-element elementor-element-bcfffc5 elementor-widget__width-initial elementor-widget-mobile__width-inherit elementor-widget elementor-widget-text-editor\" data-id=\"bcfffc5\" data-element_type=\"widget\" data-e-type=\"widget\" data-widget_type=\"text-editor.default\">\n\t\t\t\t\t\t\t\t\t<p>L\u2019Hotel Campion gode di una posizione strategica nel cuore di uno dei quartieri pi\u00f9 moderni e dinamici di Milano, CityLife<\/p>\t\t\t\t\t\t\t\t<\/div>\n\t\t\t\t<\/div>\n\t\t\t\t\t<\/div>\n\t\t\t\t<\/div>\n\t\t<div data-entrance=\"true\" data-entrance-options=\"{&quot;preset&quot;:&quot;fadeIn&quot;,&quot;to&quot;:{&quot;ease&quot;:&quot;sine.inOut&quot;,&quot;duration&quot;:1,&quot;delay&quot;:0.200000000000000011102230246251565404236316680908203125},&quot;breakpoint&quot;:&quot;all&quot;}\" class=\"elementor-element elementor-element-b3cec1e e-flex e-con-boxed e-con e-parent\" data-id=\"b3cec1e\" data-element_type=\"container\" data-e-type=\"container\">\n\t\t\t\t\t<div class=\"e-con-inner\">\n\t\t\t\t<div class=\"elementor-element elementor-element-c24daf7 elementor-widget elementor-widget-safar-destinations\" data-id=\"c24daf7\" data-element_type=\"widget\" data-e-type=\"widget\" data-widget_type=\"safar-destinations.default\">\n\t\t\t\t<div class=\"elementor-widget-container\">\n\t\t\t\t\t<div class=\"safar-destinations-wrapper safar-destinations-wrapper-style-10\"><div class=\"safar-destinations-container safar-destination-grid safar-row\"><div class=\"safar-destination-10-widget safar-col-xl-3 safar-col-lg-4 safar-col-md-6 safar-col-sm-6\" ><div class=\"safar-activity-17__item\"><div class=\"thumb safar-thumb__anim\"><img decoding=\"async\" src=\"https:\/\/www.hotelcampion.com\/wp-cntnt\/uplds\/2025\/11\/luxury-travel-activities-1.jpg\" alt=\"luxury-travel-activities-1\"><\/div><div class=\"content\"><h4 class=\"title\"><a href=\"#\">Esperienze Culinarie<\/a><\/h4><div class=\"arrow\"><a href=\"#\"><span><i aria-hidden=\"true\" class=\"icon-arrow-up-right\"><\/i><\/span><\/a><\/div><\/div><\/div><\/div><div class=\"safar-destination-10-widget safar-col-xl-3 safar-col-lg-4 safar-col-md-6 safar-col-sm-6\" ><div class=\"safar-activity-17__item\"><div class=\"thumb safar-thumb__anim\"><img decoding=\"async\" src=\"https:\/\/www.hotelcampion.com\/wp-cntnt\/uplds\/2025\/11\/luxury-travel-activities-2.jpg\" alt=\"luxury-travel-activities-2\"><\/div><div class=\"content\"><h4 class=\"title\"><a href=\"#\">Percorsi Benessere<\/a><\/h4><div class=\"arrow\"><a href=\"#\"><span><i aria-hidden=\"true\" class=\"icon-arrow-up-right\"><\/i><\/span><\/a><\/div><\/div><\/div><\/div><div class=\"safar-destination-10-widget safar-col-xl-3 safar-col-lg-4 safar-col-md-6 safar-col-sm-6\" ><div class=\"safar-activity-17__item\"><div class=\"thumb safar-thumb__anim\"><img decoding=\"async\" src=\"https:\/\/www.hotelcampion.com\/wp-cntnt\/uplds\/2025\/11\/luxury-travel-activities-3.jpg\" alt=\"luxury-travel-activities-3\"><\/div><div class=\"content\"><h4 class=\"title\"><a href=\"#\">Offerte per coppie<\/a><\/h4><div class=\"arrow\"><a href=\"#\"><span><i aria-hidden=\"true\" class=\"icon-arrow-up-right\"><\/i><\/span><\/a><\/div><\/div><\/div><\/div><div class=\"safar-destination-10-widget safar-col-xl-3 safar-col-lg-4 safar-col-md-6 safar-col-sm-6\" ><div class=\"safar-activity-17__item\"><div class=\"thumb safar-thumb__anim\"><img decoding=\"async\" src=\"https:\/\/www.hotelcampion.com\/wp-cntnt\/uplds\/2025\/11\/luxury-travel-activities-4.jpg\" alt=\"luxury-travel-activities-4\"><\/div><div class=\"content\"><h4 class=\"title\"><a href=\"#\">Percorsi Avventura<\/a><\/h4><div class=\"arrow\"><a href=\"#\"><span><i aria-hidden=\"true\" class=\"icon-arrow-up-right\"><\/i><\/span><\/a><\/div><\/div><\/div><\/div><div class=\"safar-destination-10-widget safar-col-xl-3 safar-col-lg-4 safar-col-md-6 safar-col-sm-6\" ><div class=\"safar-activity-17__item\"><div class=\"thumb safar-thumb__anim\"><img decoding=\"async\" src=\"https:\/\/www.hotelcampion.com\/wp-cntnt\/uplds\/2025\/11\/activity-3.jpg\" alt=\"activity-3\"><\/div><div class=\"content\"><h4 class=\"title\"><a href=\"#\">Destinazioni Romantiche<\/a><\/h4><div class=\"arrow\"><a href=\"#\"><span><i aria-hidden=\"true\" class=\"icon-arrow-up-right\"><\/i><\/span><\/a><\/div><\/div><\/div><\/div><div class=\"safar-destination-10-widget safar-col-xl-3 safar-col-lg-4 safar-col-md-6 safar-col-sm-6\" ><div class=\"safar-activity-17__item\"><div class=\"thumb safar-thumb__anim\"><img decoding=\"async\" src=\"https:\/\/www.hotelcampion.com\/wp-cntnt\/uplds\/2025\/11\/activity-4.jpg\" alt=\"activity-4\"><\/div><div class=\"content\"><h4 class=\"title\"><a href=\"\/nightlife-tour\">Nightlife Style a Milano<\/a><\/h4><div class=\"arrow\"><a href=\"\/nightlife-tour\"><span><i aria-hidden=\"true\" class=\"icon-arrow-up-right\"><\/i><\/span><\/a><\/div><\/div><\/div><\/div><div class=\"safar-destination-10-widget safar-col-xl-3 safar-col-lg-4 safar-col-md-6 safar-col-sm-6\" ><div class=\"safar-activity-17__item\"><div class=\"thumb safar-thumb__anim\"><img decoding=\"async\" src=\"https:\/\/www.hotelcampion.com\/wp-cntnt\/uplds\/2025\/11\/activity-1.jpg\" alt=\"activity-1\"><\/div><div class=\"content\"><h4 class=\"title\"><a href=\"\/wildlife-safari\">La Natura nella CityLife<\/a><\/h4><div class=\"arrow\"><a href=\"\/wildlife-safari\"><span><i aria-hidden=\"true\" class=\"icon-arrow-up-right\"><\/i><\/span><\/a><\/div><\/div><\/div><\/div><div class=\"safar-destination-10-widget safar-col-xl-3 safar-col-lg-4 safar-col-md-6 safar-col-sm-6\" ><div class=\"safar-activity-17__item\"><div class=\"thumb safar-thumb__anim\"><img decoding=\"async\" src=\"https:\/\/www.hotelcampion.com\/wp-cntnt\/uplds\/2025\/11\/activity-2.jpg\" alt=\"activity-2\"><\/div><div class=\"content\"><h4 class=\"title\"><a href=\"#\">La vita della citt\u00e0<\/a><\/h4><div class=\"arrow\"><a href=\"#\"><span><i aria-hidden=\"true\" class=\"icon-arrow-up-right\"><\/i><\/span><\/a><\/div><\/div><\/div><\/div><\/div><\/div>\t\t\t\t<\/div>\n\t\t\t\t<\/div>\n\t\t\t\t\t<\/div>\n\t\t\t\t<\/div>\n\t\t<div class=\"elementor-element elementor-element-26e0100 e-flex e-con-boxed e-con e-parent\" data-id=\"26e0100\" data-element_type=\"container\" data-e-type=\"container\" data-settings=\"{&quot;background_background&quot;:&quot;classic&quot;}\">\n\t\t\t\t\t<div class=\"e-con-inner\">\n\t\t\t\t<div data-entrance=\"true\" data-entrance-options=\"{&quot;from&quot;:{&quot;x&quot;:true,&quot;y&quot;:true,&quot;z&quot;:true,&quot;scaleX&quot;:true,&quot;scaleY&quot;:true,&quot;rotationX&quot;:true,&quot;rotationY&quot;:true,&quot;rotationZ&quot;:true,&quot;opacity&quot;:true,&quot;transformOrigin&quot;:true},&quot;to&quot;:{&quot;x&quot;:true,&quot;y&quot;:true,&quot;z&quot;:true,&quot;scaleX&quot;:true,&quot;scaleY&quot;:true,&quot;rotationX&quot;:true,&quot;rotationY&quot;:true,&quot;rotationZ&quot;:true,&quot;opacity&quot;:true,&quot;transformOrigin&quot;:true,&quot;ease&quot;:&quot;sine.inOut&quot;,&quot;duration&quot;:1,&quot;delay&quot;:0.200000000000000011102230246251565404236316680908203125},&quot;breakpoint&quot;:&quot;all&quot;}\" class=\"elementor-element elementor-element-d35d2fd elementor-widget__width-initial elementor-widget-mobile__width-inherit elementor-widget elementor-widget-heading\" data-id=\"d35d2fd\" data-element_type=\"widget\" data-e-type=\"widget\" data-widget_type=\"heading.default\">\n\t\t\t\t\t<h2 class=\"elementor-heading-title elementor-size-default\">L\u2019Hotel Campion combina comodit\u00e0, modernit\u00e0 e dinamismo urbano<\/h2>\t\t\t\t<\/div>\n\t\t\t\t<div data-splittext=\"true\" data-splittext-options=\"{&quot;from&quot;:{&quot;stagger&quot;:0.0200000000000000004163336342344337026588618755340576171875,&quot;ease&quot;:&quot;sine.inOut&quot;,&quot;duration&quot;:1,&quot;delay&quot;:0.40000000000000002220446049250313080847263336181640625,&quot;y&quot;:60,&quot;scaleX&quot;:1,&quot;scaleY&quot;:1,&quot;transformOrigin&quot;:&quot;top center -50&quot;},&quot;type&quot;:&quot;lines&quot;,&quot;trigger&quot;:&quot;view&quot;}\" class=\"elementor-element elementor-element-7cb1f01 elementor-widget__width-initial elementor-widget-mobile__width-inherit elementor-widget elementor-widget-text-editor\" data-id=\"7cb1f01\" data-element_type=\"widget\" data-e-type=\"widget\" data-widget_type=\"text-editor.default\">\n\t\t\t\t\t\t\t\t\t<p>soggiornare qui significa avere Milano a portata di mano, muoversi con agilit\u00e0 e vivere un quartiere contemporaneo tra i pi\u00f9 eleganti e funzionali della citt\u00e0.<\/p>\t\t\t\t\t\t\t\t<\/div>\n\t\t\t\t<div class=\"elementor-element elementor-element-9569a71 elementor-widget elementor-widget-safar-button\" data-id=\"9569a71\" data-element_type=\"widget\" data-e-type=\"widget\" data-widget_type=\"safar-button.default\">\n\t\t\t\t<div class=\"elementor-widget-container\">\n\t\t\t\t\t<div class=\"safar-button-wrap\"><a class=\"safar-button safar-button-default icon_left_to_right round\" href=\"https:\/\/booking.ericsoft.com\/BookingEngine\/Book?idh=EF373ED20873A96F\"><span class=\"safar-button-icon\"><i aria-hidden=\"true\" class=\"safar icon-arrow-up-right-2\"><\/i><\/span><span class=\"safar-button-text\">PRENOTA ORA<\/span><\/a><\/div>\t\t\t\t<\/div>\n\t\t\t\t<\/div>\n\t\t\t\t\t<\/div>\n\t\t\t\t<\/div>\n\t\t<div class=\"elementor-element elementor-element-aebcd60 elementor-hidden-widescreen elementor-hidden-desktop elementor-hidden-laptop elementor-hidden-tablet_extra elementor-hidden-tablet elementor-hidden-mobile_extra elementor-hidden-mobile e-flex e-con-boxed e-con e-parent\" data-id=\"aebcd60\" data-element_type=\"container\" data-e-type=\"container\" data-settings=\"{&quot;background_background&quot;:&quot;classic&quot;}\">\n\t\t\t\t\t<div class=\"e-con-inner\">\n\t\t\t\t<div data-entrance=\"true\" data-entrance-options=\"{&quot;from&quot;:{&quot;x&quot;:true,&quot;y&quot;:true,&quot;z&quot;:true,&quot;scaleX&quot;:true,&quot;scaleY&quot;:true,&quot;rotationX&quot;:true,&quot;rotationY&quot;:true,&quot;rotationZ&quot;:true,&quot;opacity&quot;:true,&quot;transformOrigin&quot;:true},&quot;to&quot;:{&quot;x&quot;:true,&quot;y&quot;:true,&quot;z&quot;:true,&quot;scaleX&quot;:true,&quot;scaleY&quot;:true,&quot;rotationX&quot;:true,&quot;rotationY&quot;:true,&quot;rotationZ&quot;:true,&quot;opacity&quot;:true,&quot;transformOrigin&quot;:true,&quot;ease&quot;:&quot;sine.inOut&quot;,&quot;duration&quot;:1,&quot;delay&quot;:0.200000000000000011102230246251565404236316680908203125},&quot;breakpoint&quot;:&quot;all&quot;}\" class=\"elementor-element elementor-element-93d00fe elementor-widget elementor-widget-heading\" data-id=\"93d00fe\" data-element_type=\"widget\" data-e-type=\"widget\" data-widget_type=\"heading.default\">\n\t\t\t\t\t<p class=\"elementor-heading-title elementor-size-default\">General Questions<\/p>\t\t\t\t<\/div>\n\t\t\t\t<div data-entrance=\"true\" data-entrance-options=\"{&quot;from&quot;:{&quot;x&quot;:true,&quot;y&quot;:true,&quot;z&quot;:true,&quot;scaleX&quot;:true,&quot;scaleY&quot;:true,&quot;rotationX&quot;:true,&quot;rotationY&quot;:true,&quot;rotationZ&quot;:true,&quot;opacity&quot;:true,&quot;transformOrigin&quot;:true},&quot;to&quot;:{&quot;x&quot;:true,&quot;y&quot;:true,&quot;z&quot;:true,&quot;scaleX&quot;:true,&quot;scaleY&quot;:true,&quot;rotationX&quot;:true,&quot;rotationY&quot;:true,&quot;rotationZ&quot;:true,&quot;opacity&quot;:true,&quot;transformOrigin&quot;:true,&quot;ease&quot;:&quot;sine.inOut&quot;,&quot;duration&quot;:1,&quot;delay&quot;:0.40000000000000002220446049250313080847263336181640625},&quot;breakpoint&quot;:&quot;all&quot;}\" class=\"elementor-element elementor-element-d2c10d1 elementor-widget elementor-widget-heading\" data-id=\"d2c10d1\" data-element_type=\"widget\" data-e-type=\"widget\" data-widget_type=\"heading.default\">\n\t\t\t\t\t<h2 class=\"elementor-heading-title elementor-size-default\">Frequently Asked Question<\/h2>\t\t\t\t<\/div>\n\t\t\t\t<div data-entrance=\"true\" data-entrance-options=\"{&quot;preset&quot;:&quot;fadeIn&quot;,&quot;to&quot;:{&quot;ease&quot;:&quot;sine.inOut&quot;,&quot;duration&quot;:1,&quot;delay&quot;:0.59999999999999997779553950749686919152736663818359375},&quot;breakpoint&quot;:&quot;all&quot;}\" class=\"elementor-element elementor-element-f03b976 elementor-widget elementor-widget-n-accordion\" data-id=\"f03b976\" data-element_type=\"widget\" data-e-type=\"widget\" data-settings=\"{&quot;default_state&quot;:&quot;expanded&quot;,&quot;max_items_expended&quot;:&quot;one&quot;,&quot;n_accordion_animation_duration&quot;:{&quot;unit&quot;:&quot;ms&quot;,&quot;size&quot;:400,&quot;sizes&quot;:[]}}\" data-widget_type=\"nested-accordion.default\">\n\t\t\t\t\t\t\t<div class=\"e-n-accordion\" aria-label=\"Accordion. Open links with Enter or Space, close with Escape, and navigate with Arrow Keys\">\n\t\t\t\t\t\t<details id=\"e-n-accordion-item-2510\" class=\"e-n-accordion-item\" open>\n\t\t\t\t<summary class=\"e-n-accordion-item-title\" data-accordion-index=\"1\" tabindex=\"0\" aria-expanded=\"true\" aria-controls=\"e-n-accordion-item-2510\" >\n\t\t\t\t\t<span class='e-n-accordion-item-title-header'><h4 class=\"e-n-accordion-item-title-text\"> 01 <span class=\"space\">Will I receive a booking confirmation?<\/span> <\/h4><\/span>\n\t\t\t\t\t\t\t<span class='e-n-accordion-item-title-icon'>\n\t\t\t<span class='e-opened' ><i aria-hidden=\"true\" class=\"safar icon-angle-up\"><\/i><\/span>\n\t\t\t<span class='e-closed'><i aria-hidden=\"true\" class=\"safar icon-angle-down\"><\/i><\/span>\n\t\t<\/span>\n\n\t\t\t\t\t\t<\/summary>\n\t\t\t\t<div role=\"region\" aria-labelledby=\"e-n-accordion-item-2510\" class=\"elementor-element elementor-element-3bc00c3 e-con-full e-flex e-con e-child\" data-id=\"3bc00c3\" data-element_type=\"container\" data-e-type=\"container\">\n\t\t\t\t<div class=\"elementor-element elementor-element-292025c elementor-widget elementor-widget-text-editor\" data-id=\"292025c\" data-element_type=\"widget\" data-e-type=\"widget\" data-widget_type=\"text-editor.default\">\n\t\t\t\t\t\t\t\t\t<p>Yes, once your booking is complete, you\u2019ll receive an instant confirmation via email or SMS. Simply select your destination, dates, and preferred room type on our website or app, then confirm your booking. Yes, but policies vary by hotel<\/p>\t\t\t\t\t\t\t\t<\/div>\n\t\t\t\t<\/div>\n\t\t\t\t\t<\/details>\n\t\t\t\t\t\t<details id=\"e-n-accordion-item-2511\" class=\"e-n-accordion-item\" >\n\t\t\t\t<summary class=\"e-n-accordion-item-title\" data-accordion-index=\"2\" tabindex=\"-1\" aria-expanded=\"false\" aria-controls=\"e-n-accordion-item-2511\" >\n\t\t\t\t\t<span class='e-n-accordion-item-title-header'><h4 class=\"e-n-accordion-item-title-text\"> 02 <span class=\"space\">Can I cancel or change my booking?<\/span> <\/h4><\/span>\n\t\t\t\t\t\t\t<span class='e-n-accordion-item-title-icon'>\n\t\t\t<span class='e-opened' ><i aria-hidden=\"true\" class=\"safar icon-angle-up\"><\/i><\/span>\n\t\t\t<span class='e-closed'><i aria-hidden=\"true\" class=\"safar icon-angle-down\"><\/i><\/span>\n\t\t<\/span>\n\n\t\t\t\t\t\t<\/summary>\n\t\t\t\t<div role=\"region\" aria-labelledby=\"e-n-accordion-item-2511\" class=\"elementor-element elementor-element-8eae9b3 e-con-full e-flex e-con e-child\" data-id=\"8eae9b3\" data-element_type=\"container\" data-e-type=\"container\">\n\t\t\t\t<div class=\"elementor-element elementor-element-cfce18d elementor-widget elementor-widget-text-editor\" data-id=\"cfce18d\" data-element_type=\"widget\" data-e-type=\"widget\" data-widget_type=\"text-editor.default\">\n\t\t\t\t\t\t\t\t\t<p>Yes, once your booking is complete, you\u2019ll receive an instant confirmation via email or SMS. Simply select your destination, dates, and preferred room type on our website or app, then confirm your booking. Yes, but policies vary by hotel<\/p>\t\t\t\t\t\t\t\t<\/div>\n\t\t\t\t<\/div>\n\t\t\t\t\t<\/details>\n\t\t\t\t\t\t<details id=\"e-n-accordion-item-2512\" class=\"e-n-accordion-item\" >\n\t\t\t\t<summary class=\"e-n-accordion-item-title\" data-accordion-index=\"3\" tabindex=\"-1\" aria-expanded=\"false\" aria-controls=\"e-n-accordion-item-2512\" >\n\t\t\t\t\t<span class='e-n-accordion-item-title-header'><h4 class=\"e-n-accordion-item-title-text\"> 03 <span class=\"space\">What payment methods are accepted?<\/span> <\/h4><\/span>\n\t\t\t\t\t\t\t<span class='e-n-accordion-item-title-icon'>\n\t\t\t<span class='e-opened' ><i aria-hidden=\"true\" class=\"safar icon-angle-up\"><\/i><\/span>\n\t\t\t<span class='e-closed'><i aria-hidden=\"true\" class=\"safar icon-angle-down\"><\/i><\/span>\n\t\t<\/span>\n\n\t\t\t\t\t\t<\/summary>\n\t\t\t\t<div role=\"region\" aria-labelledby=\"e-n-accordion-item-2512\" class=\"elementor-element elementor-element-305af4e e-con-full e-flex e-con e-child\" data-id=\"305af4e\" data-element_type=\"container\" data-e-type=\"container\">\n\t\t\t\t<div class=\"elementor-element elementor-element-fef8920 elementor-widget elementor-widget-text-editor\" data-id=\"fef8920\" data-element_type=\"widget\" data-e-type=\"widget\" data-widget_type=\"text-editor.default\">\n\t\t\t\t\t\t\t\t\t<p>Yes, once your booking is complete, you\u2019ll receive an instant confirmation via email or SMS. Simply select your destination, dates, and preferred room type on our website or app, then confirm your booking. Yes, but policies vary by hotel<\/p>\t\t\t\t\t\t\t\t<\/div>\n\t\t\t\t<\/div>\n\t\t\t\t\t<\/details>\n\t\t\t\t\t\t<details id=\"e-n-accordion-item-2513\" class=\"e-n-accordion-item\" >\n\t\t\t\t<summary class=\"e-n-accordion-item-title\" data-accordion-index=\"4\" tabindex=\"-1\" aria-expanded=\"false\" aria-controls=\"e-n-accordion-item-2513\" >\n\t\t\t\t\t<span class='e-n-accordion-item-title-header'><h4 class=\"e-n-accordion-item-title-text\"> 04 <span class=\"space\">What time is check-in and check-out?<\/span> <\/h4><\/span>\n\t\t\t\t\t\t\t<span class='e-n-accordion-item-title-icon'>\n\t\t\t<span class='e-opened' ><i aria-hidden=\"true\" class=\"safar icon-angle-up\"><\/i><\/span>\n\t\t\t<span class='e-closed'><i aria-hidden=\"true\" class=\"safar icon-angle-down\"><\/i><\/span>\n\t\t<\/span>\n\n\t\t\t\t\t\t<\/summary>\n\t\t\t\t<div role=\"region\" aria-labelledby=\"e-n-accordion-item-2513\" class=\"elementor-element elementor-element-d413663 e-con-full e-flex e-con e-child\" data-id=\"d413663\" data-element_type=\"container\" data-e-type=\"container\">\n\t\t\t\t<div class=\"elementor-element elementor-element-3d4e362 elementor-widget elementor-widget-text-editor\" data-id=\"3d4e362\" data-element_type=\"widget\" data-e-type=\"widget\" data-widget_type=\"text-editor.default\">\n\t\t\t\t\t\t\t\t\t<p>Yes, once your booking is complete, you\u2019ll receive an instant confirmation via email or SMS. Simply select your destination, dates, and preferred room type on our website or app, then confirm your booking. Yes, but policies vary by hotel<\/p>\t\t\t\t\t\t\t\t<\/div>\n\t\t\t\t<\/div>\n\t\t\t\t\t<\/details>\n\t\t\t\t\t\t<details id=\"e-n-accordion-item-2514\" class=\"e-n-accordion-item\" >\n\t\t\t\t<summary class=\"e-n-accordion-item-title\" data-accordion-index=\"5\" tabindex=\"-1\" aria-expanded=\"false\" aria-controls=\"e-n-accordion-item-2514\" >\n\t\t\t\t\t<span class='e-n-accordion-item-title-header'><h4 class=\"e-n-accordion-item-title-text\"> 05 <span class=\"space\">Is my payment information secure?<\/span> <\/h4><\/span>\n\t\t\t\t\t\t\t<span class='e-n-accordion-item-title-icon'>\n\t\t\t<span class='e-opened' ><i aria-hidden=\"true\" class=\"safar icon-angle-up\"><\/i><\/span>\n\t\t\t<span class='e-closed'><i aria-hidden=\"true\" class=\"safar icon-angle-down\"><\/i><\/span>\n\t\t<\/span>\n\n\t\t\t\t\t\t<\/summary>\n\t\t\t\t<div role=\"region\" aria-labelledby=\"e-n-accordion-item-2514\" class=\"elementor-element elementor-element-daf13c6 e-con-full e-flex e-con e-child\" data-id=\"daf13c6\" data-element_type=\"container\" data-e-type=\"container\">\n\t\t\t\t<div class=\"elementor-element elementor-element-1179b9e elementor-widget elementor-widget-text-editor\" data-id=\"1179b9e\" data-element_type=\"widget\" data-e-type=\"widget\" data-widget_type=\"text-editor.default\">\n\t\t\t\t\t\t\t\t\t<p>Yes, once your booking is complete, you\u2019ll receive an instant confirmation via email or SMS. Simply select your destination, dates, and preferred room type on our website or app, then confirm your booking. Yes, but policies vary by hotel<\/p>\t\t\t\t\t\t\t\t<\/div>\n\t\t\t\t<\/div>\n\t\t\t\t\t<\/details>\n\t\t\t\t\t<\/div>\n\t\t\t\t\t\t<\/div>\n\t\t\t\t\t<\/div>\n\t\t\t\t<\/div>\n\t\t\t\t<\/div>\n\t\t","protected":false},"excerpt":{"rendered":"<p>Attivit\u00e0 suggerite L\u2019Hotel Campion gode di una posizione strategica nel cuore di uno dei quartieri pi\u00f9 moderni e dinamici di Milano, CityLife Esperienze Culinarie Percorsi Benessere Offerte per coppie Percorsi Avventura Destinazioni Romantiche Nightlife Style a Milano La Natura nella CityLife La vita della citt\u00e0 &nbsp; L\u2019Hotel Campion combina comodit\u00e0, modernit\u00e0 e dinamismo urbano soggiornare&#8230;<\/p>\n","protected":false},"author":1,"featured_media":0,"parent":0,"menu_order":0,"comment_status":"closed","ping_status":"closed","template":"elementor_header_footer","meta":{"_monsterinsights_skip_tracking":false,"_monsterinsights_sitenote_active":false,"_monsterinsights_sitenote_note":"","_monsterinsights_sitenote_category":0,"footnotes":""},"class_list":["post-37739","page","type-page","status-publish","hentry"],"_links":{"self":[{"href":"https:\/\/www.hotelcampion.com\/en\/wp-json\/wp\/v2\/pages\/37739","targetHints":{"allow":["GET"]}}],"collection":[{"href":"https:\/\/www.hotelcampion.com\/en\/wp-json\/wp\/v2\/pages"}],"about":[{"href":"https:\/\/www.hotelcampion.com\/en\/wp-json\/wp\/v2\/types\/page"}],"author":[{"embeddable":true,"href":"https:\/\/www.hotelcampion.com\/en\/wp-json\/wp\/v2\/users\/1"}],"replies":[{"embeddable":true,"href":"https:\/\/www.hotelcampion.com\/en\/wp-json\/wp\/v2\/comments?post=37739"}],"version-history":[{"count":0,"href":"https:\/\/www.hotelcampion.com\/en\/wp-json\/wp\/v2\/pages\/37739\/revisions"}],"wp:attachment":[{"href":"https:\/\/www.hotelcampion.com\/en\/wp-json\/wp\/v2\/media?parent=37739"}],"curies":[{"name":"wp","href":"https:\/\/api.w.org\/{rel}","templated":true}]}}